{"id":610,"date":"2020-04-07T11:10:53","date_gmt":"2020-04-07T15:10:53","guid":{"rendered":"https:\/\/meditde.wpengine.com\/?page_id=610"},"modified":"2025-05-19T16:56:47","modified_gmt":"2025-05-19T20:56:47","slug":"meditrac-uk","status":"publish","type":"page","link":"https:\/\/meditrac.be\/fr\/","title":{"rendered":"Startseite"},"content":{"rendered":"<p><img loading=\"lazy\" decoding=\"async\" class=\"wp-image-611 alignright\" src=\"https:\/\/meditde.wpengine.com\/wp-content\/uploads\/2020\/04\/MediTrac-0091-reel.jpg\" alt=\"\" width=\"470\" height=\"572\" srcset=\"https:\/\/meditrac.be\/wp-content\/uploads\/2020\/04\/MediTrac-0091-reel.jpg 800w, https:\/\/meditrac.be\/wp-content\/uploads\/2020\/04\/MediTrac-0091-reel-247x300.jpg 247w, https:\/\/meditrac.be\/wp-content\/uploads\/2020\/04\/MediTrac-0091-reel-768x934.jpg 768w, https:\/\/meditrac.be\/wp-content\/uploads\/2020\/04\/MediTrac-0091-reel-82x100.jpg 82w\" sizes=\"auto, (max-width: 470px) 100vw, 470px\" \/><\/p>\n<p><strong>MediTrac<\/strong> est une solution id\u00e9ale pour ajouter rapidement et en toute s\u00e9curit\u00e9 des sorties suppl\u00e9mentaires d'oxyg\u00e8ne ou d'autres gaz m\u00e9dicaux (y compris des lignes de vide) afin de r\u00e9pondre aux nouvelles demandes des \u00e9tablissements de sant\u00e9, y compris les h\u00f4pitaux temporaires, en raison de la crise du COVID-19.<\/p>\n<p><strong>Description<\/strong>.  MediTrac\u00ae est un tuyau ondul\u00e9 flexible en acier inoxydable avec un rev\u00eatement ext\u00e9rieur en poly\u00e9thyl\u00e8ne ignifuge. Il est fourni sur des f\u00fbts jetables faciles \u00e0 manipuler, en grandes longueurs continues - et peut donc \u00eatre rapidement install\u00e9 dans des \u00e9tablissements de soins nouveaux ou r\u00e9nov\u00e9s, \u00e0 partir de r\u00e9servoirs d'alimentation externes ou de collecteurs, directement au chevet du patient.<\/p>\n<p><strong>Installation<\/strong>.  Les installateurs peuvent d\u00e9rouler et tirer le MediTrac\u00ae \u00e0 travers l'installation en grandes longueurs continues.  Lorsqu'un changement de direction est n\u00e9cessaire, l'installateur peut simplement plier le tube MediTrac\u00ae \u00e0 la main dans un rayon serr\u00e9, sans aucun outil. Cela permet une installation sur site beaucoup plus rapide qu'avec le cuivre, car beaucoup moins de joints sont n\u00e9cessaires sur toute la longueur de la canalisation. Le tube est coup\u00e9 \u00e0 la main \u00e0 l'aide d'un coupe-tube sur roues et les raccords d'extr\u00e9mit\u00e9 sont assembl\u00e9s sur place rapidement et simplement \u00e0 l'aide d'un tendeur.<\/p>","protected":false},"excerpt":{"rendered":"<p>MediTrac\u00ae flexible medical gas piping is an ideal solution to adding additional oxygen or other medical gas outlets (including vacuum lines) quickly and safely to address the new demands on healthcare facilities, including temporary hospitals, due to the COVID-19 crisis. Description.\u00a0 MediTrac\u00ae is a pliable corrugated stainless-steel pipe with an external fire-retardant polyethylene cover. It [&hellip;]<\/p>\n","protected":false},"author":3,"featured_media":0,"parent":0,"menu_order":0,"comment_status":"closed","ping_status":"closed","template":"page-interior-uk-home.php","meta":{"_acf_changed":false,"footnotes":"","_links_to":"","_links_to_target":""},"class_list":["post-610","page","type-page","status-publish","hentry"],"acf":[],"yoast_head":"<!-- This site is optimized with the Yoast SEO plugin v27.0 - https:\/\/yoast.com\/product\/yoast-seo-wordpress\/ -->\n<title>Startseite \u2013 MediTrac\u00ae<\/title>\n<meta name=\"robots\" content=\"index, follow, max-snippet:-1, max-image-preview:large, max-video-preview:-1\" \/>\n<link rel=\"canonical\" href=\"https:\/\/meditrac.be\/fr\/\" \/>\n<meta property=\"og:locale\" content=\"fr_FR\" \/>\n<meta property=\"og:type\" content=\"article\" \/>\n<meta property=\"og:title\" content=\"Startseite \u2013 MediTrac\u00ae\" \/>\n<meta property=\"og:description\" content=\"MediTrac\u00ae flexible medical gas piping is an ideal solution to adding additional oxygen or other medical gas outlets (including vacuum lines) quickly and safely to address the new demands on healthcare facilities, including temporary hospitals, due to the COVID-19 crisis. Description.\u00a0 MediTrac\u00ae is a pliable corrugated stainless-steel pipe with an external fire-retardant polyethylene cover. It [&hellip;]\" \/>\n<meta property=\"og:url\" content=\"https:\/\/meditrac.be\/fr\/\" \/>\n<meta property=\"og:site_name\" content=\"MediTrac\u00ae\" \/>\n<meta property=\"article:modified_time\" content=\"2025-05-19T20:56:47+00:00\" \/>\n<meta property=\"og:image\" content=\"https:\/\/meditrac.be\/wp-content\/uploads\/2020\/04\/MediTrac-0091-reel.jpg\" \/>\n\t<meta property=\"og:image:width\" content=\"800\" \/>\n\t<meta property=\"og:image:height\" content=\"973\" \/>\n\t<meta property=\"og:image:type\" content=\"image\/jpeg\" \/>\n<meta name=\"twitter:card\" content=\"summary_large_image\" \/>\n<meta name=\"twitter:label1\" content=\"Est. reading time\" \/>\n\t<meta name=\"twitter:data1\" content=\"1 minute\" \/>\n<script type=\"application\/ld+json\" class=\"yoast-schema-graph\">{\"@context\":\"https:\/\/schema.org\",\"@graph\":[{\"@type\":\"WebPage\",\"@id\":\"https:\/\/meditrac.be\/\",\"url\":\"https:\/\/meditrac.be\/\",\"name\":\"Startseite \u2013 MediTrac\u00ae\",\"isPartOf\":{\"@id\":\"https:\/\/meditrac.be\/#website\"},\"primaryImageOfPage\":{\"@id\":\"https:\/\/meditrac.be\/#primaryimage\"},\"image\":{\"@id\":\"https:\/\/meditrac.be\/#primaryimage\"},\"thumbnailUrl\":\"https:\/\/meditde.wpengine.com\/wp-content\/uploads\/2020\/04\/MediTrac-0091-reel.jpg\",\"datePublished\":\"2020-04-07T15:10:53+00:00\",\"dateModified\":\"2025-05-19T20:56:47+00:00\",\"breadcrumb\":{\"@id\":\"https:\/\/meditrac.be\/#breadcrumb\"},\"inLanguage\":\"fr-FR\",\"potentialAction\":[{\"@type\":\"ReadAction\",\"target\":[\"https:\/\/meditrac.be\/\"]}]},{\"@type\":\"ImageObject\",\"inLanguage\":\"fr-FR\",\"@id\":\"https:\/\/meditrac.be\/#primaryimage\",\"url\":\"https:\/\/meditde.wpengine.com\/wp-content\/uploads\/2020\/04\/MediTrac-0091-reel.jpg\",\"contentUrl\":\"https:\/\/meditde.wpengine.com\/wp-content\/uploads\/2020\/04\/MediTrac-0091-reel.jpg\"},{\"@type\":\"BreadcrumbList\",\"@id\":\"https:\/\/meditrac.be\/#breadcrumb\",\"itemListElement\":[{\"@type\":\"ListItem\",\"position\":1,\"name\":\"Home\",\"item\":\"https:\/\/meditrac.be\/\"},{\"@type\":\"ListItem\",\"position\":2,\"name\":\"Startseite\"}]},{\"@type\":\"WebSite\",\"@id\":\"https:\/\/meditrac.be\/#website\",\"url\":\"https:\/\/meditrac.be\/\",\"name\":\"MediTrac\u00ae\",\"description\":\"Corrugated Medical Tubing by OmegaFlex\u00ae\",\"potentialAction\":[{\"@type\":\"SearchAction\",\"target\":{\"@type\":\"EntryPoint\",\"urlTemplate\":\"https:\/\/meditrac.be\/?s={search_term_string}\"},\"query-input\":{\"@type\":\"PropertyValueSpecification\",\"valueRequired\":true,\"valueName\":\"search_term_string\"}}],\"inLanguage\":\"fr-FR\"}]}<\/script>\n<!-- \/ Yoast SEO plugin. -->","yoast_head_json":{"title":"Startseite - MediTrac","robots":{"index":"index","follow":"follow","max-snippet":"max-snippet:-1","max-image-preview":"max-image-preview:large","max-video-preview":"max-video-preview:-1"},"canonical":"https:\/\/meditrac.be\/fr\/","og_locale":"fr_FR","og_type":"article","og_title":"Startseite \u2013 MediTrac\u00ae","og_description":"MediTrac\u00ae flexible medical gas piping is an ideal solution to adding additional oxygen or other medical gas outlets (including vacuum lines) quickly and safely to address the new demands on healthcare facilities, including temporary hospitals, due to the COVID-19 crisis. Description.\u00a0 MediTrac\u00ae is a pliable corrugated stainless-steel pipe with an external fire-retardant polyethylene cover. It [&hellip;]","og_url":"https:\/\/meditrac.be\/fr\/","og_site_name":"MediTrac\u00ae","article_modified_time":"2025-05-19T20:56:47+00:00","og_image":[{"width":800,"height":973,"url":"https:\/\/meditrac.be\/wp-content\/uploads\/2020\/04\/MediTrac-0091-reel.jpg","type":"image\/jpeg"}],"twitter_card":"summary_large_image","twitter_misc":{"Est. reading time":"1 minute"},"schema":{"@context":"https:\/\/schema.org","@graph":[{"@type":"WebPage","@id":"https:\/\/meditrac.be\/","url":"https:\/\/meditrac.be\/","name":"Startseite - MediTrac","isPartOf":{"@id":"https:\/\/meditrac.be\/#website"},"primaryImageOfPage":{"@id":"https:\/\/meditrac.be\/#primaryimage"},"image":{"@id":"https:\/\/meditrac.be\/#primaryimage"},"thumbnailUrl":"https:\/\/meditde.wpengine.com\/wp-content\/uploads\/2020\/04\/MediTrac-0091-reel.jpg","datePublished":"2020-04-07T15:10:53+00:00","dateModified":"2025-05-19T20:56:47+00:00","breadcrumb":{"@id":"https:\/\/meditrac.be\/#breadcrumb"},"inLanguage":"fr-FR","potentialAction":[{"@type":"ReadAction","target":["https:\/\/meditrac.be\/"]}]},{"@type":"ImageObject","inLanguage":"fr-FR","@id":"https:\/\/meditrac.be\/#primaryimage","url":"https:\/\/meditde.wpengine.com\/wp-content\/uploads\/2020\/04\/MediTrac-0091-reel.jpg","contentUrl":"https:\/\/meditde.wpengine.com\/wp-content\/uploads\/2020\/04\/MediTrac-0091-reel.jpg"},{"@type":"BreadcrumbList","@id":"https:\/\/meditrac.be\/#breadcrumb","itemListElement":[{"@type":"ListItem","position":1,"name":"Home","item":"https:\/\/meditrac.be\/"},{"@type":"ListItem","position":2,"name":"Startseite"}]},{"@type":"WebSite","@id":"https:\/\/meditrac.be\/#website","url":"https:\/\/meditrac.be\/","name":"MediTrac","description":"Tubes ondul\u00e9s \u00e0 usage m\u00e9dical par OmegaFlex\u00ae.","potentialAction":[{"@type":"SearchAction","target":{"@type":"EntryPoint","urlTemplate":"https:\/\/meditrac.be\/?s={search_term_string}"},"query-input":{"@type":"PropertyValueSpecification","valueRequired":true,"valueName":"search_term_string"}}],"inLanguage":"fr-FR"}]}},"_links":{"self":[{"href":"https:\/\/meditrac.be\/fr\/wp-json\/wp\/v2\/pages\/610","targetHints":{"allow":["GET"]}}],"collection":[{"href":"https:\/\/meditrac.be\/fr\/wp-json\/wp\/v2\/pages"}],"about":[{"href":"https:\/\/meditrac.be\/fr\/wp-json\/wp\/v2\/types\/page"}],"author":[{"embeddable":true,"href":"https:\/\/meditrac.be\/fr\/wp-json\/wp\/v2\/users\/3"}],"replies":[{"embeddable":true,"href":"https:\/\/meditrac.be\/fr\/wp-json\/wp\/v2\/comments?post=610"}],"version-history":[{"count":0,"href":"https:\/\/meditrac.be\/fr\/wp-json\/wp\/v2\/pages\/610\/revisions"}],"wp:attachment":[{"href":"https:\/\/meditrac.be\/fr\/wp-json\/wp\/v2\/media?parent=610"}],"curies":[{"name":"wp","href":"https:\/\/api.w.org\/{rel}","templated":true}]}}